{"id":2,"date":"2017-02-08T15:31:38","date_gmt":"2017-02-08T15:31:38","guid":{"rendered":"http:\/\/www.kaffeogt.dk\/?page_id=2"},"modified":"2017-02-13T20:04:36","modified_gmt":"2017-02-13T20:04:36","slug":"about","status":"publish","type":"page","link":"http:\/\/www.kaffeogt.dk\/?page_id=2","title":{"rendered":"Om Kaffe og T"},"content":{"rendered":"<p>Velkommen til min blog, her vil jeg skrive om alt det, der fylder mit sind. Jeg vil skrive om ting, der foreg\u00e5r i mit liv i almindelighed, ting, der g\u00f8r mig glad, trist, forvirret eller ked. V\u00e6rd at bem\u00e6rke er, at jeg er en kaffe narkoman og altid skrive med en kop nylavede kaffe i n\u00e6rheden af computeren. Jeg h\u00e5ber du vil nyde mine indl\u00e6g og dont glemmer at sende mig en besked, hvis du har sp\u00f8rgsm\u00e5l om mig eller bloggen generelt. Pas p\u00e5!<\/p>\n","protected":false},"excerpt":{"rendered":"<p>Velkommen til min blog, her vil jeg skrive om alt det, der fylder mit sind. Jeg vil skrive om ting, der foreg\u00e5r i mit liv i almindelighed, ting, der g\u00f8r mig glad, trist, forvirret eller ked. V\u00e6rd at bem\u00e6rke er, at jeg er en kaffe narkoman og altid skrive med en kop nylavede kaffe i [&hellip;]<\/p>\n","protected":false},"author":1,"featured_media":0,"parent":0,"menu_order":0,"comment_status":"open","ping_status":"open","template":"","meta":{"footnotes":""},"_links":{"self":[{"href":"http:\/\/www.kaffeogt.dk\/index.php?rest_route=\/wp\/v2\/pages\/2"}],"collection":[{"href":"http:\/\/www.kaffeogt.dk\/index.php?rest_route=\/wp\/v2\/pages"}],"about":[{"href":"http:\/\/www.kaffeogt.dk\/index.php?rest_route=\/wp\/v2\/types\/page"}],"author":[{"embeddable":true,"href":"http:\/\/www.kaffeogt.dk\/index.php?rest_route=\/wp\/v2\/users\/1"}],"replies":[{"embeddable":true,"href":"http:\/\/www.kaffeogt.dk\/index.php?rest_route=%2Fwp%2Fv2%2Fcomments&post=2"}],"version-history":[{"count":1,"href":"http:\/\/www.kaffeogt.dk\/index.php?rest_route=\/wp\/v2\/pages\/2\/revisions"}],"predecessor-version":[{"id":9,"href":"http:\/\/www.kaffeogt.dk\/index.php?rest_route=\/wp\/v2\/pages\/2\/revisions\/9"}],"wp:attachment":[{"href":"http:\/\/www.kaffeogt.dk\/index.php?rest_route=%2Fwp%2Fv2%2Fmedia&parent=2"}],"curies":[{"name":"wp","href":"https:\/\/api.w.org\/{rel}","templated":true}]}}